{"id":90,"date":"2014-06-17T09:42:58","date_gmt":"2014-06-17T07:42:58","guid":{"rendered":"http:\/\/www.pgrosenfeld2.bl.schule-bw.de\/wordpress\/?page_id=90"},"modified":"2025-09-17T11:49:50","modified_gmt":"2025-09-17T09:49:50","slug":"unterricht","status":"publish","type":"page","link":"https:\/\/www.pgrosenfeld.de\/?page_id=90","title":{"rendered":"Unterricht"},"content":{"rendered":"<p><a href=\"http:\/\/www.pgrosenfeld2.bl.schule-bw.de\/wordpress\/wp-content\/uploads\/2014\/06\/Cartoon60.jpg\"><img loading=\"lazy\" decoding=\"async\" class=\"alignnone size-full wp-image-336\" src=\"http:\/\/www.pgrosenfeld2.bl.schule-bw.de\/wordpress\/wp-content\/uploads\/2014\/06\/Cartoon60.jpg\" alt=\"Cartoon60\" width=\"365\" height=\"215\" srcset=\"https:\/\/www.pgrosenfeld.de\/wordpress\/wp-content\/uploads\/2014\/06\/Cartoon60.jpg 365w, https:\/\/www.pgrosenfeld.de\/wordpress\/wp-content\/uploads\/2014\/06\/Cartoon60-300x176.jpg 300w\" sizes=\"auto, (max-width: 365px) 100vw, 365px\" \/><\/a><\/p>\n<h3><a href=\"http:\/\/www.pgrosenfeld.de\/wordpress\/wp-content\/uploads\/2018\/02\/Unterrichtszeiten.pdf\" target=\"_blank\" rel=\"noopener noreferrer\">Unterrichts- und Pausenzeiten (pdf)<\/a><\/h3>\n<h3><a href=\"http:\/\/www.bildungsplaene-bw.de\/,Lde\/Startseite\" target=\"_blank\" rel=\"noopener noreferrer\">Bildungsplan des Gymnasiums<\/a><\/h3>\n<h3><\/h3>\n<h3><a href=\"http:\/\/www.pgrosenfeld.de\/wordpress\/wp-content\/uploads\/2019\/11\/Orientierungsrahmen-Notengebung.pdf\" target=\"_blank\" rel=\"noopener noreferrer\">Orientierungsrahmen zur Notengebung<\/a>\u00a0(pdf)<\/h3>\n<h3><a href=\"https:\/\/www.pgrosenfeld.de\/wordpress\/wp-content\/uploads\/2024\/11\/GFS-Richtlinien_Version11.pdf\" target=\"_blank\" rel=\"noopener\">Richtlinien zur GFS (pdf)<\/a><\/h3>\n<h3><a href=\"https:\/\/www.pgrosenfeld.de\/wordpress\/wp-content\/uploads\/2024\/11\/GFS-Richtlinien-neu-fuer-SuS.pdf\" target=\"_blank\" rel=\"noopener\">Handreichung zur GFS f\u00fcr Sch\u00fcler (pdf)<\/a><\/h3>\n<h3><a style=\"font-size: 16px; box-shadow: #bfe6ff 0px 0px 0px 1px;\" href=\"https:\/\/www.pgrosenfeld.de\/wordpress\/wp-content\/uploads\/2020\/11\/Moodle_Leitfaden_SchuI\u0088ler_V1.3.pdf\">Ein Moodle-Leitfaden f\u00fcr Sch\u00fcler &#8211; Version 1.3<\/a><\/h3>\n<hr \/>\n<h1>Das allgemein bildende Gymnasium<\/h1>\n<div><a name=\"anker1130049\"><\/a><\/div>\n<div class=\"composedcontent-pbsbw---html-element\">\n<p><!-- HTML --><\/p>\n<div><a name=\"anker1130050\"><\/a><\/div>\n<div class=\"basecontent-pbsbw---html-editor\">\n<p><strong>Auf direktem Weg zum Abitur<\/strong><\/p>\n<p>Das allgemein bildende Gymnasium ist der direkte Weg zum Abitur. Es vermittelt Sch\u00fclerinnen und Sch\u00fclern eine breite und vertiefte Allgemeinbildung, die zur allgemeinen Hochschulreife f\u00fchrt. Damit schafft es zugleich die Voraussetzungen sowohl f\u00fcr eine berufliche Ausbildung als auch f\u00fcr F\u00fchrungsaufgaben in Berufen, die einen Hochschulabschluss verlangen.<\/p>\n<p><strong>Aufgaben und Ziele<\/strong><\/p>\n<p>Das Gymnasium gibt jedem Kind Raum, bis zum Abitur seine Begabungen und seine Pers\u00f6nlichkeit zu entwickeln. Die Sch\u00fclerinnen und Sch\u00fcler werden in umfangreichen fachlichen, methodischen, sozialen und personalen Kompetenzen gest\u00e4rkt. Sie werden zu eigenverantwortlichem, selbstst\u00e4ndigen und lebenslangem Lernen bef\u00e4higt und in abstraktem und probleml\u00f6sendem Denken gef\u00f6rdert.<\/p>\n<p>Die Bereitschaft, sich auf Neues und Fremdes einzulassen und daraus zu lernen, geh\u00f6rt ebenso zum gymnasialen Bildungsauftrag wie die Vermittlung von historischen, k\u00fcnstlerischen und geistigen Traditionen unserer Kultur.<\/p>\n<p>Besonders wichtige Eigenschaften f\u00fcr Sch\u00fclerinnen und Sch\u00fcler des Gymnasiums sind deshalb Neugierde und Aufgeschlossenheit f\u00fcr abstrakte und theoretische Zusammenh\u00e4nge, \u00fcberdurchschnittlich hohe Konzentrationsf\u00e4higkeit, Ausdauer und geistige Belastbarkeit. Au\u00dferdem erforderlich sind Freude am Lernen, Experimentieren, Beobachten, Finden von L\u00f6sungen und Gesetzm\u00e4\u00dfigkeiten und Interesse an literarischen, musischen und k\u00fcnstlerischen Themen.<\/p>\n<\/div>\n<\/div>\n<div><a name=\"anker1130051\"><\/a><\/div>\n<div class=\"basecontent-pbsbw---text\">\n<p><b>F\u00e4cher, Inhalte und Kompetenzen<\/b><\/p>\n<p>Bis zum Abitur werden Gymnasiastinnen und Gymnasiasten auf hohem Niveau in mehreren Sprachen, in Natur- und Geisteswissenschaften sowie im musisch-\u00e4sthetischen Bereich ausgebildet. Das schafft die Grundlage, theoretische Erkenntnisse nachzuvollziehen, komplexe Zusammenh\u00e4nge kreativ zu durchdenken, zu ordnen und verst\u00e4ndlich darzustellen sowie l\u00f6sungsorientiert und zielgerichtet zu arbeiten. Dabei sind f\u00e4cherverbindendes Denken und Arbeiten, Lernen in vielf\u00e4ltigen Unterrichtsformen, mit neuen Medien und an au\u00dferschulischen Lernorten selbstverst\u00e4ndlich.<\/p>\n<\/div>\n","protected":false},"excerpt":{"rendered":"<p>Unterrichts- und Pausenzeiten (pdf) Bildungsplan des Gymnasiums Orientierungsrahmen zur Notengebung\u00a0(pdf) Richtlinien zur GFS (pdf) Handreichung zur GFS f\u00fcr Sch\u00fcler (pdf) <a class=\"more-link\" href=\"https:\/\/www.pgrosenfeld.de\/?page_id=90\">mehr &rarr;<\/a><\/p>\n","protected":false},"author":1,"featured_media":0,"parent":0,"menu_order":0,"comment_status":"closed","ping_status":"closed","template":"","meta":{"footnotes":""},"class_list":["post-90","page","type-page","status-publish","hentry"],"_links":{"self":[{"href":"https:\/\/www.pgrosenfeld.de\/index.php?rest_route=\/wp\/v2\/pages\/90","targetHints":{"allow":["GET"]}}],"collection":[{"href":"https:\/\/www.pgrosenfeld.de\/index.php?rest_route=\/wp\/v2\/pages"}],"about":[{"href":"https:\/\/www.pgrosenfeld.de\/index.php?rest_route=\/wp\/v2\/types\/page"}],"author":[{"embeddable":true,"href":"https:\/\/www.pgrosenfeld.de\/index.php?rest_route=\/wp\/v2\/users\/1"}],"replies":[{"embeddable":true,"href":"https:\/\/www.pgrosenfeld.de\/index.php?rest_route=%2Fwp%2Fv2%2Fcomments&post=90"}],"version-history":[{"count":56,"href":"https:\/\/www.pgrosenfeld.de\/index.php?rest_route=\/wp\/v2\/pages\/90\/revisions"}],"predecessor-version":[{"id":5616,"href":"https:\/\/www.pgrosenfeld.de\/index.php?rest_route=\/wp\/v2\/pages\/90\/revisions\/5616"}],"wp:attachment":[{"href":"https:\/\/www.pgrosenfeld.de\/index.php?rest_route=%2Fwp%2Fv2%2Fmedia&parent=90"}],"curies":[{"name":"wp","href":"https:\/\/api.w.org\/{rel}","templated":true}]}}