{"id":9,"date":"2014-06-17T09:00:58","date_gmt":"2014-06-17T07:00:58","guid":{"rendered":"http:\/\/www.pgrosenfeld2.bl.schule-bw.de\/wordpress\/?page_id=9"},"modified":"2022-10-06T17:11:23","modified_gmt":"2022-10-06T15:11:23","slug":"schueler","status":"publish","type":"page","link":"https:\/\/www.pgrosenfeld.de\/?page_id=9","title":{"rendered":"Sch\u00fcler"},"content":{"rendered":"<p><img loading=\"lazy\" decoding=\"async\" class=\"alignnone size-large wp-image-3437\" src=\"https:\/\/www.pgrosenfeld.de\/wordpress\/wp-content\/uploads\/2020\/04\/IMG_4133-1024x214.jpeg\" alt=\"\" width=\"690\" height=\"144\" srcset=\"https:\/\/www.pgrosenfeld.de\/wordpress\/wp-content\/uploads\/2020\/04\/IMG_4133-1024x214.jpeg 1024w, https:\/\/www.pgrosenfeld.de\/wordpress\/wp-content\/uploads\/2020\/04\/IMG_4133-300x63.jpeg 300w, https:\/\/www.pgrosenfeld.de\/wordpress\/wp-content\/uploads\/2020\/04\/IMG_4133-768x161.jpeg 768w, https:\/\/www.pgrosenfeld.de\/wordpress\/wp-content\/uploads\/2020\/04\/IMG_4133-1536x322.jpeg 1536w, https:\/\/www.pgrosenfeld.de\/wordpress\/wp-content\/uploads\/2020\/04\/IMG_4133-2048x429.jpeg 2048w\" sizes=\"auto, (max-width: 690px) 100vw, 690px\" \/><\/p>\n<p>Zur Zeit besuchen ca. 200 Sch\u00fclerinnen und Sch\u00fcler in 9 Klassen das Progymnasium Rosenfeld.<\/p>\n<p>&nbsp;<\/p>\n<h2>SMV:<\/h2>\n<p>Sch\u00fclersprecher: Zoe Fritz Kl. 10<br \/>\nStellvertreter: Ilayda V\u00f6lle Kl. 8b<\/p>\n<p>Verbindungslehrer: Matthias Reicherter<\/p>\n<p><a href=\"https:\/\/www.pgrosenfeld.de\/wordpress\/wp-content\/uploads\/2021\/10\/1C8C1E17-DD6F-44FD-8808-46D3C1E204B5-scaled.jpeg\"><img loading=\"lazy\" decoding=\"async\" class=\"alignnone size-medium wp-image-4438\" src=\"https:\/\/www.pgrosenfeld.de\/wordpress\/wp-content\/uploads\/2021\/10\/1C8C1E17-DD6F-44FD-8808-46D3C1E204B5-300x225.jpeg\" alt=\"\" width=\"300\" height=\"225\" srcset=\"https:\/\/www.pgrosenfeld.de\/wordpress\/wp-content\/uploads\/2021\/10\/1C8C1E17-DD6F-44FD-8808-46D3C1E204B5-300x225.jpeg 300w, https:\/\/www.pgrosenfeld.de\/wordpress\/wp-content\/uploads\/2021\/10\/1C8C1E17-DD6F-44FD-8808-46D3C1E204B5-1024x768.jpeg 1024w, https:\/\/www.pgrosenfeld.de\/wordpress\/wp-content\/uploads\/2021\/10\/1C8C1E17-DD6F-44FD-8808-46D3C1E204B5-768x576.jpeg 768w, https:\/\/www.pgrosenfeld.de\/wordpress\/wp-content\/uploads\/2021\/10\/1C8C1E17-DD6F-44FD-8808-46D3C1E204B5-1536x1152.jpeg 1536w, https:\/\/www.pgrosenfeld.de\/wordpress\/wp-content\/uploads\/2021\/10\/1C8C1E17-DD6F-44FD-8808-46D3C1E204B5-2048x1536.jpeg 2048w\" sizes=\"auto, (max-width: 300px) 100vw, 300px\" \/><\/a>10\/2021<\/p>\n<h2><\/h2>\n<h2>Streitschlichter:<\/h2>\n<div><\/div>\n<div>Kleinere Auseinandersetzungen geh\u00f6ren zum Schulalltag dazu. Aber wenn aus einer Meinungsverschiedenheit ein handfester Streit wird, solltet ihr etwas unternehmen. In so einer Situation ist es empfehlenswert eine 3. Partei zu Rate zu ziehen, die das Ganze objektiv betrachtet und keine Vorbehalte hat.<\/div>\n<div><\/div>\n<div>Diese 3. Partei sind wir, die Streitschlichter. Uns k\u00f6nnt ihr euch anvertrauen ohne Angst haben zu m\u00fcssen, dass irgendeine au\u00dfenstehende Person davon was mitbekommt. Das gilt f\u00fcr Sch\u00fcler sowie f\u00fcr Lehrer. Was wir bei einem Schlichtungsgespr\u00e4ch besprechen, geht niemanden etwas an. Wir sind auch nicht dazu da, euch daf\u00fcr zu verurteilen oder zu bestrafen, dass ihr Streit mit einem Mitsch\u00fcler habt, oder euch noch mehr Probleme zu machen. Wir wollen euch nur helfen euren Streit friedlich beizulegen und eine L\u00f6sung zu finden, mit der alle beteiligten Parteien zufrieden sind, denn nur so ist ein andauernder Friede gew\u00e4hrleistet.<\/div>\n<div><\/div>\n<div>Als Streitschlichter tragen wir unseren Teil zu einem friedlichen Schulalltag bei, doch der Rest liegt bei euch. Das hei\u00dft, wenn ihr je in eine Konfliktsituation geratet, die ihr nicht unter euch regeln k\u00f6nnt, dann z\u00f6gert nicht, sondern fasst euch ein Herz und schaut mal bei uns vorbei.<\/div>\n<div>Was habt ihr schon zu verlieren?<\/div>\n<div><\/div>\n<p>Eurer Streitschlichter im Schuljahr 2018\/2019:<\/p>\n<div>\n<p>&nbsp;<\/p>\n<h2>Paten f\u00fcr Klasse 5:<\/h2>\n<p>Wenn die neuen F\u00fcnftkl\u00e4ssler in unsere Schule kommen ist so manches f\u00fcr sie noch ungewohnt und fremd. Die Paten k\u00fcmmern sich um die neuen Sch\u00fclerinnen und Sch\u00fcler. Sie sind stets ansprechbar und helfen immer gerne weiter.<\/p>\n<p>Paten f\u00fcr Klasse 5:<\/p>\n<\/div>\n","protected":false},"excerpt":{"rendered":"<p>Zur Zeit besuchen ca. 200 Sch\u00fclerinnen und Sch\u00fcler in 9 Klassen das Progymnasium Rosenfeld. &nbsp; SMV: Sch\u00fclersprecher: Zoe Fritz Kl. <a class=\"more-link\" href=\"https:\/\/www.pgrosenfeld.de\/?page_id=9\">mehr &rarr;<\/a><\/p>\n","protected":false},"author":1,"featured_media":0,"parent":0,"menu_order":0,"comment_status":"closed","ping_status":"closed","template":"","meta":{"footnotes":""},"class_list":["post-9","page","type-page","status-publish","hentry"],"_links":{"self":[{"href":"https:\/\/www.pgrosenfeld.de\/index.php?rest_route=\/wp\/v2\/pages\/9","targetHints":{"allow":["GET"]}}],"collection":[{"href":"https:\/\/www.pgrosenfeld.de\/index.php?rest_route=\/wp\/v2\/pages"}],"about":[{"href":"https:\/\/www.pgrosenfeld.de\/index.php?rest_route=\/wp\/v2\/types\/page"}],"author":[{"embeddable":true,"href":"https:\/\/www.pgrosenfeld.de\/index.php?rest_route=\/wp\/v2\/users\/1"}],"replies":[{"embeddable":true,"href":"https:\/\/www.pgrosenfeld.de\/index.php?rest_route=%2Fwp%2Fv2%2Fcomments&post=9"}],"version-history":[{"count":23,"href":"https:\/\/www.pgrosenfeld.de\/index.php?rest_route=\/wp\/v2\/pages\/9\/revisions"}],"predecessor-version":[{"id":4803,"href":"https:\/\/www.pgrosenfeld.de\/index.php?rest_route=\/wp\/v2\/pages\/9\/revisions\/4803"}],"wp:attachment":[{"href":"https:\/\/www.pgrosenfeld.de\/index.php?rest_route=%2Fwp%2Fv2%2Fmedia&parent=9"}],"curies":[{"name":"wp","href":"https:\/\/api.w.org\/{rel}","templated":true}]}}