{"id":472,"date":"2014-06-29T20:56:43","date_gmt":"2014-06-29T18:56:43","guid":{"rendered":"http:\/\/www.pgrosenfeld2.bl.schule-bw.de\/wordpress\/?page_id=472"},"modified":"2025-08-01T17:14:43","modified_gmt":"2025-08-01T15:14:43","slug":"impressum","status":"publish","type":"page","link":"https:\/\/www.pgrosenfeld.de\/?page_id=472","title":{"rendered":"Impressum"},"content":{"rendered":"<p>Herausgeber:<\/p>\n<p>Land Baden-W\u00fcrttemberg,<br \/>\nvertreten durch das Progymnasium Rosenfeld<br \/>\nSchulstra\u00dfe 9<br \/>\n72348 Rosenfeld<br \/>\nTel: 07428\/941180<br \/>\nVertretungsberechtigter: Schulleiter Christian Breithaupt<\/p>\n<p>Verantwortlich im Sinne von \u00a7 55 RStV<\/p>\n<p>Progymnasium Rosenfeld<br \/>\nSchulstr. 9<br \/>\n72348 Rosenfeld<br \/>\nSchulleiter Christian Breithaupt<\/p>\n<p>Hinweise<br \/>\nAlle Rechte vorbehalten, soweit nicht Rechte Dritter gesetzlich und vertraglich ber\u00fchrt sind. Texte, Bilder, Grafiken, Gestaltung \/ Layout \/ Anordnung unterliegen (ebenso wie Schriftz\u00fcge und Logos des Progymnasiums Rosenfeld) dem Schutz des Urheberrechtes und aller anderen Schutzgesetze.<br \/>\nDer Inhalt von &#8222;www.pgrosenfeld.de&#8220; darf nicht zu kommerziellen Zwecken kopiert, verbreitet, ver\u00e4ndert, eingesetzt, in Datenbest\u00e4nden abgespeichert oder Dritten zug\u00e4nglich gemacht \/ vertrieben werden.<br \/>\nDazu ist eine schriftliche Genehmigung des Progymnasiums Rosenfeld n\u00f6tig. Zust\u00e4ndig ist hierf\u00fcr der Schulleiter.<br \/>\nDie Website wurde mit gr\u00f6\u00dftm\u00f6glicher Sorgfalt zusammengestellt. Trotzdem kann das Progymnasium Rosenfeld f\u00fcr Fehlerfreiheit und Genauigkeit der enthaltenen Informationen nicht garantieren. Das Progymnasium Rosenfeld schlie\u00dft jegliche Haftung f\u00fcr Sch\u00e4den aus, die direkt oder indirekt aus der Benutzung dieser Website entsteht.<br \/>\nDie in die Website des Progymnasiums Rosenfeld eingestellten Links wurden mit gr\u00f6\u00dftm\u00f6glicher Sorgfalt zusammengestellt. Das Progymnasium Rosenfeld haftet nicht f\u00fcr die dort verbreiteten Inhalte bzw. von dort abzweigenden Links.<\/p>\n<p>Erkl\u00e4rung<br \/>\nMit dem Urteil vom 12. Mai 1998 hat das Landgericht Hamburg entschieden, dass man durch die Anbringung eines Links die Inhalte der gelinkten Seite ggf. mit zu verantworten hat. Dies kann &#8211; so das LG &#8211; nur dadurch verhindert werden, dass man sich ausdr\u00fccklich von diesen Inhalten distanziert.<\/p>\n<p>F\u00fcr alle Links dieser Homepage gilt:<br \/>\nWir m\u00f6chten ausdr\u00fccklich betonen, dass das Progymnasium Rosenfeld keinerlei Einfluss auf die Gestaltung und Inhalte der gelinkten Seiten hat. Deshalb distanzieren wir uns hiermit ausdr\u00fccklich von allen Inhalten aller gelinkten Seiten auf unserer Homepage.<br \/>\nDiese Erkl\u00e4rung gilt f\u00fcr alle Links, die Sie \u00fcber die Web-Seiten des Progymnasium Rosenfeld erreichen.<\/p>\n","protected":false},"excerpt":{"rendered":"<p>Herausgeber: Land Baden-W\u00fcrttemberg, vertreten durch das Progymnasium Rosenfeld Schulstra\u00dfe 9 72348 Rosenfeld Tel: 07428\/941180 Vertretungsberechtigter: Schulleiter Christian Breithaupt Verantwortlich im <a class=\"more-link\" href=\"https:\/\/www.pgrosenfeld.de\/?page_id=472\">mehr &rarr;<\/a><\/p>\n","protected":false},"author":1,"featured_media":0,"parent":0,"menu_order":0,"comment_status":"closed","ping_status":"closed","template":"","meta":{"footnotes":""},"class_list":["post-472","page","type-page","status-publish","hentry"],"_links":{"self":[{"href":"https:\/\/www.pgrosenfeld.de\/index.php?rest_route=\/wp\/v2\/pages\/472","targetHints":{"allow":["GET"]}}],"collection":[{"href":"https:\/\/www.pgrosenfeld.de\/index.php?rest_route=\/wp\/v2\/pages"}],"about":[{"href":"https:\/\/www.pgrosenfeld.de\/index.php?rest_route=\/wp\/v2\/types\/page"}],"author":[{"embeddable":true,"href":"https:\/\/www.pgrosenfeld.de\/index.php?rest_route=\/wp\/v2\/users\/1"}],"replies":[{"embeddable":true,"href":"https:\/\/www.pgrosenfeld.de\/index.php?rest_route=%2Fwp%2Fv2%2Fcomments&post=472"}],"version-history":[{"count":8,"href":"https:\/\/www.pgrosenfeld.de\/index.php?rest_route=\/wp\/v2\/pages\/472\/revisions"}],"predecessor-version":[{"id":5554,"href":"https:\/\/www.pgrosenfeld.de\/index.php?rest_route=\/wp\/v2\/pages\/472\/revisions\/5554"}],"wp:attachment":[{"href":"https:\/\/www.pgrosenfeld.de\/index.php?rest_route=%2Fwp%2Fv2%2Fmedia&parent=472"}],"curies":[{"name":"wp","href":"https:\/\/api.w.org\/{rel}","templated":true}]}}