{"id":2593,"date":"2018-11-09T11:45:26","date_gmt":"2018-11-09T09:45:26","guid":{"rendered":"http:\/\/www.pgrosenfeld.de\/?page_id=2593"},"modified":"2025-09-03T12:45:54","modified_gmt":"2025-09-03T10:45:54","slug":"datenschutzerklaerung","status":"publish","type":"page","link":"https:\/\/www.pgrosenfeld.de\/?page_id=2593","title":{"rendered":"Datenschutzerkl\u00e4rung"},"content":{"rendered":"<h4>1. Verantwortlicher und Datenschutzbeauftragter<\/h4>\n<p>1.1 Verantwortlicher gem. Art. 4 Abs. 7 EU-Datenschutz-Grundverordnung (EU-DSGVO) ist das Land Baden-W\u00fcrttemberg, vertreten durch das Progymnasium Rosenfeld, Schulstr. 9, 72348 Rosenfeld. Vertretungsberechtigter: Schulleiter Christian Breithaupt.<br \/>\n1.2 Unseren Datenschutzbeauftragten erreichen Sie unter unserer Postadresse mit dem Zusatz \u201eder Datenschutzbeauftragte\u201c.<\/p>\n<h4>2. Information \u00fcber die Erhebung personenbezogener Daten, Speicherdauer<\/h4>\n<p>2.1 Im Folgenden informieren wir \u00fcber die Erhebung personenbezogener Daten bei Nutzung unserer\u00a0Website. Personenbezogene Daten sind alle Daten, die auf Sie pers\u00f6nlich beziehbar sind, z. B. Name,\u00a0Adresse, E-Mail-Adressen, Nutzerverhalten.<br \/>\n2.2 Bei Ihrer Kontaktaufnahme mit uns per E-Mail oder \u00fcber ein Kontaktformular werden die von Ihnen\u00a0mitgeteilten Daten (Ihre E-Mail-Adresse, ggf. Ihr Name und Ihre Telefonnummer) von uns gespeichert,\u00a0um Ihre Fragen zu beantworten. Die in diesem Zusammenhang anfallenden Daten l\u00f6schen wir, nachdem\u00a0die Speicherung nicht mehr erforderlich ist, oder schr\u00e4nken die Verarbeitung ein, falls gesetzliche\u00a0Aufbewahrungspflichten bestehen.<br \/>\n2.3 Falls wir f\u00fcr einzelne Funktionen unseres Angebots auf beauftragte Dienstleister zur\u00fcckgreifen\u00a0oder Ihre Daten f\u00fcr werbliche Zwecke nutzen m\u00f6chten, werden wir Sie untenstehend im Detail \u00fcber\u00a0die jeweiligen Vorg\u00e4nge informieren. Dabei nennen wir auch die festgelegten Kriterien der Speicherdauer.<\/p>\n<h4>3. Ihre Rechte<\/h4>\n<p>3.1 Sie haben gegen\u00fcber uns folgende Rechte hinsichtlich der Sie betreffenden personenbezogenen<br \/>\nDaten:<br \/>\n\u2013 Recht auf Auskunft,<br \/>\n\u2013 Recht auf Berichtigung oder L\u00f6schung,<br \/>\n\u2013 Recht auf Einschr\u00e4nkung der Verarbeitung,<br \/>\n\u2013 Recht auf Widerspruch gegen die Verarbeitung,<br \/>\n\u2013 Recht auf Daten\u00fcbertragbarkeit.<br \/>\n3.2 Sie haben zudem das Recht, sich bei einer Datenschutz-Aufsichtsbeh\u00f6rde \u00fcber die Verarbeitung\u00a0Ihrer personenbezogenen Daten durch uns zu beschweren. Die Datenschutzaufsichtsbeh\u00f6rde ist der\u00a0Landesbeauftragte f\u00fcr den Datenschutz und die Informationsfreiheit (LfDI), K\u00f6nigstrasse 10a, 70173\u00a0Stuttgart.<br \/>\n3.4 Werden personenbezogene Daten an ein Drittland oder an eine internationale Organisation\u00a0\u00fcbermittelt, so haben Sie das Recht, \u00fcber die geeigneten Garantien gem\u00e4\u00df Art. 46 EU-DSGVO im\u00a0Zusammenhang mit der \u00dcbermittlung unterrichtet zu werden.<\/p>\n<h4>4. Erhebung und Zweck personenbezogener Daten bei Besuch unserer Website<\/h4>\n<p>4.1 Bei der blo\u00df informatorischen Nutzung der Website, also wenn Sie sich nicht registrieren oder uns\u00a0anderweitig Informationen \u00fcbermitteln, erheben wir nur die personenbezogenen Daten, die Ihr Browser\u00a0an unseren Server \u00fcbermittelt. Wenn Sie unsere Website betrachten m\u00f6chten, erheben wir die\u00a0folgenden Daten, die f\u00fcr uns technisch erforderlich sind, um Ihnen unsere Website anzuzeigen und\u00a0die Stabilit\u00e4t und Sicherheit zu gew\u00e4hrleisten (Rechtsgrundlage ist Art. 6 Abs. 1 S. 1 lit. f EU-DSGVO):<br \/>\n\uf0b7 IP-Adresse<br \/>\n\uf0b7 Datum und Uhrzeit der Anfrage<br \/>\n\uf0b7 Zeitzonendifferenz zur Greenwich Mean Time (GMT)<br \/>\n\uf0b7 Inhalt der Anforderung (konkrete Seite)<br \/>\n\uf0b7 Zugriffsstatus\/HTTP-Statuscode<br \/>\n\uf0b7 jeweils \u00fcbertragene Datenmenge<br \/>\n\uf0b7 Website, von der die Anforderung kommt<br \/>\n\uf0b7 Browser<br \/>\n\uf0b7 Betriebssystem und dessen Oberfl\u00e4che<br \/>\n\uf0b7 Sprache und Version der Browsersoftware.<\/p>\n<p>4.2 Einsatz von Cookies<br \/>\nDiese Website nutzt keine Cookies.<\/p>\n","protected":false},"excerpt":{"rendered":"<p>1. Verantwortlicher und Datenschutzbeauftragter 1.1 Verantwortlicher gem. Art. 4 Abs. 7 EU-Datenschutz-Grundverordnung (EU-DSGVO) ist das Land Baden-W\u00fcrttemberg, vertreten durch das <a class=\"more-link\" href=\"https:\/\/www.pgrosenfeld.de\/?page_id=2593\">mehr &rarr;<\/a><\/p>\n","protected":false},"author":1,"featured_media":0,"parent":0,"menu_order":0,"comment_status":"closed","ping_status":"closed","template":"","meta":{"footnotes":""},"class_list":["post-2593","page","type-page","status-publish","hentry"],"_links":{"self":[{"href":"https:\/\/www.pgrosenfeld.de\/index.php?rest_route=\/wp\/v2\/pages\/2593","targetHints":{"allow":["GET"]}}],"collection":[{"href":"https:\/\/www.pgrosenfeld.de\/index.php?rest_route=\/wp\/v2\/pages"}],"about":[{"href":"https:\/\/www.pgrosenfeld.de\/index.php?rest_route=\/wp\/v2\/types\/page"}],"author":[{"embeddable":true,"href":"https:\/\/www.pgrosenfeld.de\/index.php?rest_route=\/wp\/v2\/users\/1"}],"replies":[{"embeddable":true,"href":"https:\/\/www.pgrosenfeld.de\/index.php?rest_route=%2Fwp%2Fv2%2Fcomments&post=2593"}],"version-history":[{"count":7,"href":"https:\/\/www.pgrosenfeld.de\/index.php?rest_route=\/wp\/v2\/pages\/2593\/revisions"}],"predecessor-version":[{"id":5605,"href":"https:\/\/www.pgrosenfeld.de\/index.php?rest_route=\/wp\/v2\/pages\/2593\/revisions\/5605"}],"wp:attachment":[{"href":"https:\/\/www.pgrosenfeld.de\/index.php?rest_route=%2Fwp%2Fv2%2Fmedia&parent=2593"}],"curies":[{"name":"wp","href":"https:\/\/api.w.org\/{rel}","templated":true}]}}