{"id":25,"date":"2014-06-17T09:03:50","date_gmt":"2014-06-17T07:03:50","guid":{"rendered":"http:\/\/www.pgrosenfeld2.bl.schule-bw.de\/wordpress\/?page_id=25"},"modified":"2020-06-01T13:50:58","modified_gmt":"2020-06-01T11:50:58","slug":"draussen","status":"publish","type":"page","link":"https:\/\/www.pgrosenfeld.de\/?page_id=25","title":{"rendered":"Drau\u00dfen"},"content":{"rendered":"<h3>An unserer Schule finden regelm\u00e4\u00dfig statt:<\/h3>\n<ul>\n<li>Kennenlernwochenende in Klasse 5<\/li>\n<li>Schullandheimaufenthalt in Klasse 6<\/li>\n<li>Sch\u00fcleraustausch Frankreich\/Spanien Klasse 8\/9<\/li>\n<li>BOGY (Berufsorientierung an Gymnasien) Klasse 9<\/li>\n<li>Studienfahrt Klasse 10<\/li>\n<\/ul>\n<ul>\n<li>Exkursionen<\/li>\n<\/ul>\n","protected":false},"excerpt":{"rendered":"<p>An unserer Schule finden regelm\u00e4\u00dfig statt: Kennenlernwochenende in Klasse 5 Schullandheimaufenthalt in Klasse 6 Sch\u00fcleraustausch Frankreich\/Spanien Klasse 8\/9 BOGY (Berufsorientierung <a class=\"more-link\" href=\"https:\/\/www.pgrosenfeld.de\/?page_id=25\">mehr &rarr;<\/a><\/p>\n","protected":false},"author":1,"featured_media":0,"parent":0,"menu_order":0,"comment_status":"closed","ping_status":"closed","template":"","meta":{"footnotes":""},"class_list":["post-25","page","type-page","status-publish","hentry"],"_links":{"self":[{"href":"https:\/\/www.pgrosenfeld.de\/index.php?rest_route=\/wp\/v2\/pages\/25","targetHints":{"allow":["GET"]}}],"collection":[{"href":"https:\/\/www.pgrosenfeld.de\/index.php?rest_route=\/wp\/v2\/pages"}],"about":[{"href":"https:\/\/www.pgrosenfeld.de\/index.php?rest_route=\/wp\/v2\/types\/page"}],"author":[{"embeddable":true,"href":"https:\/\/www.pgrosenfeld.de\/index.php?rest_route=\/wp\/v2\/users\/1"}],"replies":[{"embeddable":true,"href":"https:\/\/www.pgrosenfeld.de\/index.php?rest_route=%2Fwp%2Fv2%2Fcomments&post=25"}],"version-history":[{"count":5,"href":"https:\/\/www.pgrosenfeld.de\/index.php?rest_route=\/wp\/v2\/pages\/25\/revisions"}],"predecessor-version":[{"id":3557,"href":"https:\/\/www.pgrosenfeld.de\/index.php?rest_route=\/wp\/v2\/pages\/25\/revisions\/3557"}],"wp:attachment":[{"href":"https:\/\/www.pgrosenfeld.de\/index.php?rest_route=%2Fwp%2Fv2%2Fmedia&parent=25"}],"curies":[{"name":"wp","href":"https:\/\/api.w.org\/{rel}","templated":true}]}}