{"id":19,"date":"2014-06-17T09:02:55","date_gmt":"2014-06-17T07:02:55","guid":{"rendered":"http:\/\/www.pgrosenfeld2.bl.schule-bw.de\/wordpress\/?page_id=19"},"modified":"2020-12-12T21:12:23","modified_gmt":"2020-12-12T19:12:23","slug":"einzugsgebiet","status":"publish","type":"page","link":"https:\/\/www.pgrosenfeld.de\/?page_id=19","title":{"rendered":"Lage und Einzugsgebiet unserer Schule"},"content":{"rendered":"<p><span style=\"font-family: Arial, Helvetica, sans-serif;\">Rosenfeld liegt im Herzen des Kleinen Heubergs, einer l\u00e4ndlichen Region im Albvorland zwischen Oberndorf, Rottweil und Balingen. Unsere Sch\u00fcler kommen aus Rosenfeld und den umliegenden Gemeinden Bickelsberg, Brittheim, Heiligenzimmern, Isingen, Leidringen, T\u00e4bingen, Geislingen, Erlaheim, Binsdorf, Dautmergen, G\u00f6sslingen, Irslingen, Zimmern u.d.B., Sch\u00f6mberg, Dotternhausen, Weilen unter den Rinnen, Ratshausen, Erzingen, Bisingen und Balingen.<br \/>\n<\/span><\/p>\n","protected":false},"excerpt":{"rendered":"<p>Rosenfeld liegt im Herzen des Kleinen Heubergs, einer l\u00e4ndlichen Region im Albvorland zwischen Oberndorf, Rottweil und Balingen. Unsere Sch\u00fcler kommen <a class=\"more-link\" href=\"https:\/\/www.pgrosenfeld.de\/?page_id=19\">mehr &rarr;<\/a><\/p>\n","protected":false},"author":1,"featured_media":0,"parent":0,"menu_order":0,"comment_status":"closed","ping_status":"closed","template":"","meta":{"footnotes":""},"class_list":["post-19","page","type-page","status-publish","hentry"],"_links":{"self":[{"href":"https:\/\/www.pgrosenfeld.de\/index.php?rest_route=\/wp\/v2\/pages\/19","targetHints":{"allow":["GET"]}}],"collection":[{"href":"https:\/\/www.pgrosenfeld.de\/index.php?rest_route=\/wp\/v2\/pages"}],"about":[{"href":"https:\/\/www.pgrosenfeld.de\/index.php?rest_route=\/wp\/v2\/types\/page"}],"author":[{"embeddable":true,"href":"https:\/\/www.pgrosenfeld.de\/index.php?rest_route=\/wp\/v2\/users\/1"}],"replies":[{"embeddable":true,"href":"https:\/\/www.pgrosenfeld.de\/index.php?rest_route=%2Fwp%2Fv2%2Fcomments&post=19"}],"version-history":[{"count":7,"href":"https:\/\/www.pgrosenfeld.de\/index.php?rest_route=\/wp\/v2\/pages\/19\/revisions"}],"predecessor-version":[{"id":4017,"href":"https:\/\/www.pgrosenfeld.de\/index.php?rest_route=\/wp\/v2\/pages\/19\/revisions\/4017"}],"wp:attachment":[{"href":"https:\/\/www.pgrosenfeld.de\/index.php?rest_route=%2Fwp%2Fv2%2Fmedia&parent=19"}],"curies":[{"name":"wp","href":"https:\/\/api.w.org\/{rel}","templated":true}]}}