{"id":141,"date":"2014-06-17T15:48:59","date_gmt":"2014-06-17T13:48:59","guid":{"rendered":"http:\/\/www.pgrosenfeld2.bl.schule-bw.de\/wordpress\/?page_id=141"},"modified":"2024-12-16T17:44:28","modified_gmt":"2024-12-16T15:44:28","slug":"grusswort-des-schulleiters","status":"publish","type":"page","link":"https:\/\/www.pgrosenfeld.de\/?page_id=141","title":{"rendered":"Gru\u00dfwort des Schulleiters"},"content":{"rendered":"<p><img loading=\"lazy\" decoding=\"async\" class=\"alignnone wp-image-2011 size-medium\" src=\"https:\/\/www.pgrosenfeld.de\/wordpress\/wp-content\/uploads\/2017\/03\/Begr\u00fc\u00dfung-SOFIA-2017-300x200.jpg\" alt=\"\" width=\"300\" height=\"200\" srcset=\"https:\/\/www.pgrosenfeld.de\/wordpress\/wp-content\/uploads\/2017\/03\/Begr\u00fc\u00dfung-SOFIA-2017-300x200.jpg 300w, https:\/\/www.pgrosenfeld.de\/wordpress\/wp-content\/uploads\/2017\/03\/Begr\u00fc\u00dfung-SOFIA-2017-768x512.jpg 768w, https:\/\/www.pgrosenfeld.de\/wordpress\/wp-content\/uploads\/2017\/03\/Begr\u00fc\u00dfung-SOFIA-2017-1024x682.jpg 1024w, https:\/\/www.pgrosenfeld.de\/wordpress\/wp-content\/uploads\/2017\/03\/Begr\u00fc\u00dfung-SOFIA-2017-690x462.jpg 690w, https:\/\/www.pgrosenfeld.de\/wordpress\/wp-content\/uploads\/2017\/03\/Begr\u00fc\u00dfung-SOFIA-2017-390x261.jpg 390w, https:\/\/www.pgrosenfeld.de\/wordpress\/wp-content\/uploads\/2017\/03\/Begr\u00fc\u00dfung-SOFIA-2017.jpg 1685w\" sizes=\"auto, (max-width: 300px) 100vw, 300px\" \/><\/p>\n<p>Liebe Sch\u00fclerinnen und Sch\u00fcler, sehr geehrte Eltern und Besucher, herzlich willkommen auf den Internetseiten des Progymnasiums Rosenfeld!<\/p>\n<p>Das Progymnasium Rosenfeld liegt im Zentrum des Kleinen Heubergs, einer l\u00e4ndlich gepr\u00e4gten Region im Vorland der Schw\u00e4bischen Alb, zwischen den St\u00e4dten Balingen, Oberndorf und Rottweil. Wir sind ein kleines, allgemein-bildendes Gymnasium und vermitteln unseren Sch\u00fclern in den Klassen 5 bis 10 die gleichen Inhalte, wie die gro\u00dfen, voll ausgebauten Gymnasien. Nach der 10. Klasse haben unsere Sch\u00fclerinnen und Sch\u00fcler automatisch die mittlere Reife und wechseln dann in der Regel in die Kursstufen der Gymnasien in Balingen, Rottweil oder Oberndorf und legen dort ihr Abitur ab.<\/p>\n<p>Die Progymnasien wurden vom Bundesland Baden-W\u00fcrttemberg zur St\u00e4rkung des l\u00e4ndlichen Raums eingerichtet, um den j\u00fcngeren Gymnasiasten die weiten Fahrwege zum n\u00e4chsten voll ausgebauten Gymnasium zu ersparen. Unser Progymnasium hat allerdings eine lange Tradition: 1551 also, vor \u00fcber 460 Jahren, wurde unsere Schule als Lateinschule in Rosenfeld erstmals urkundlich erw\u00e4hnt. Moderne Fremdsprachen wie Englisch, Franz\u00f6sisch oder Spanisch haben das Lateinische l\u00e4ngst abgel\u00f6st und der F\u00e4cherkanon vermittelt unseren Sch\u00fclerinnen und Sch\u00fclern mit musischen und natur- und geisteswissenschaftlichen F\u00e4chern heute eine breite und vertiefte Allgemeinbildung. Eine Rosenfelder Besonderheit stellt die Astronomie-AG dar, die nicht nur aktiv bei Jugend forscht mitmischt, sondern seit vielen Jahren immer wieder neue Impulse f\u00fcr den naturwissenschaftlichen Unterricht am Progymnasium liefert.<\/p>\n<p>Die Corona-Zeit hat uns bewusst gemacht, welche wichtige Rolle neben der Vermittlung von Wissen auch das soziale Miteinander an unserer Schule spielt. Gemeinsame Feste, Konzerte, Theater-Auff\u00fchrungen und zahlreiche Veranstaltungen au\u00dferhalb des Unterrichts bereichern unser Schulleben.<\/p>\n<p>Die R\u00fcckkehr zum neuen G9 kann dazu positiv beitragen.<\/p>\n<p>Verschaffen Sie sich beim Surfen durch unseren Internetauftritt einen Einblick in das reichhaltige, famili\u00e4re und freundliche Schulleben an unserer Schule.<\/p>\n<p>Es gr\u00fc\u00dft Sie herzlich, auch im Namen des gesamten Kollegiums<\/p>\n<p>Christian Breithaupt<br \/>\nSchulleiter des Progymnasiums Rosenfeld<\/p>\n<p>12\/2024<\/p>\n","protected":false},"excerpt":{"rendered":"<p>Liebe Sch\u00fclerinnen und Sch\u00fcler, sehr geehrte Eltern und Besucher, herzlich willkommen auf den Internetseiten des Progymnasiums Rosenfeld! Das Progymnasium Rosenfeld <a class=\"more-link\" href=\"https:\/\/www.pgrosenfeld.de\/?page_id=141\">mehr &rarr;<\/a><\/p>\n","protected":false},"author":1,"featured_media":0,"parent":0,"menu_order":0,"comment_status":"closed","ping_status":"closed","template":"","meta":{"footnotes":""},"class_list":["post-141","page","type-page","status-publish","hentry"],"_links":{"self":[{"href":"https:\/\/www.pgrosenfeld.de\/index.php?rest_route=\/wp\/v2\/pages\/141","targetHints":{"allow":["GET"]}}],"collection":[{"href":"https:\/\/www.pgrosenfeld.de\/index.php?rest_route=\/wp\/v2\/pages"}],"about":[{"href":"https:\/\/www.pgrosenfeld.de\/index.php?rest_route=\/wp\/v2\/types\/page"}],"author":[{"embeddable":true,"href":"https:\/\/www.pgrosenfeld.de\/index.php?rest_route=\/wp\/v2\/users\/1"}],"replies":[{"embeddable":true,"href":"https:\/\/www.pgrosenfeld.de\/index.php?rest_route=%2Fwp%2Fv2%2Fcomments&post=141"}],"version-history":[{"count":29,"href":"https:\/\/www.pgrosenfeld.de\/index.php?rest_route=\/wp\/v2\/pages\/141\/revisions"}],"predecessor-version":[{"id":5393,"href":"https:\/\/www.pgrosenfeld.de\/index.php?rest_route=\/wp\/v2\/pages\/141\/revisions\/5393"}],"wp:attachment":[{"href":"https:\/\/www.pgrosenfeld.de\/index.php?rest_route=%2Fwp%2Fv2%2Fmedia&parent=141"}],"curies":[{"name":"wp","href":"https:\/\/api.w.org\/{rel}","templated":true}]}}