{"id":11,"date":"2014-06-17T09:01:17","date_gmt":"2014-06-17T07:01:17","guid":{"rendered":"http:\/\/www.pgrosenfeld2.bl.schule-bw.de\/wordpress\/?page_id=11"},"modified":"2020-10-14T17:30:53","modified_gmt":"2020-10-14T15:30:53","slug":"eltern","status":"publish","type":"page","link":"https:\/\/www.pgrosenfeld.de\/?page_id=11","title":{"rendered":"Eltern"},"content":{"rendered":"<p><span style=\"font-family: Arial, Helvetica, sans-serif;\">Elternbeiratsvorsitzende: Doreen John<br \/>\nStellvertreter: Thomas Schulz<\/span><\/p>\n<p><span style=\"font-family: Arial, Helvetica, sans-serif;\">Wir sehen uns als Vermittler zwischen den Interessen von Lehrer\/innen, Eltern und Sch\u00fcler\/innen. Uns ist an einem kreativen und konstruktiven Austausch gelegen.<\/span><\/p>\n<p><span style=\"font-family: Arial, Helvetica, sans-serif;\">Wenn Sie etwas \u00fcber unsere Elternarbeit und das Schulleben am PG Rosenfeld erfahren m\u00f6chten, k\u00f6nnen Sie uns gerne kontaktieren. Tipps, Anregungen &#8211; aber auch Kritik sto\u00dfen auf offene Ohren, denn nur so kann sich Elternarbeit am PG entwickeln.<\/span><\/p>\n<p>&nbsp;<\/p>\n<p><span style=\"font-family: Arial, Helvetica, sans-serif;\">Kontakt: doreenjohn@gmx.de<\/span><\/p>\n<h2>Spendenaufruf zur Abschaffung der Elternanteile an den Schulbuskosten:<\/h2>\n<p><a href=\"http:\/\/www.pgrosenfeld.de\/wordpress\/wp-content\/uploads\/2016\/02\/Spendenaufruf.Muhlbachschule-Schemmerhofen.Feb_.pdf\" target=\"_blank\" rel=\"attachment noopener wp-att-1497 noreferrer\">Spendenaufruf<\/a>\u00a0(pdf)<\/p>\n<p><a href=\"http:\/\/www.pgrosenfeld.de\/wordpress\/wp-content\/uploads\/2016\/02\/Zahlungsvorbehalt-f\u00fcr-Eltern.pdf\" target=\"_blank\" rel=\"attachment noopener wp-att-1498 noreferrer\">Zahlungsvorbehalt f\u00fcr Eltern<\/a>\u00a0(pdf)<\/p>\n","protected":false},"excerpt":{"rendered":"<p>Elternbeiratsvorsitzende: Doreen John Stellvertreter: Thomas Schulz Wir sehen uns als Vermittler zwischen den Interessen von Lehrer\/innen, Eltern und Sch\u00fcler\/innen. Uns <a class=\"more-link\" href=\"https:\/\/www.pgrosenfeld.de\/?page_id=11\">mehr &rarr;<\/a><\/p>\n","protected":false},"author":1,"featured_media":0,"parent":0,"menu_order":0,"comment_status":"closed","ping_status":"closed","template":"","meta":{"footnotes":""},"class_list":["post-11","page","type-page","status-publish","hentry"],"_links":{"self":[{"href":"https:\/\/www.pgrosenfeld.de\/index.php?rest_route=\/wp\/v2\/pages\/11","targetHints":{"allow":["GET"]}}],"collection":[{"href":"https:\/\/www.pgrosenfeld.de\/index.php?rest_route=\/wp\/v2\/pages"}],"about":[{"href":"https:\/\/www.pgrosenfeld.de\/index.php?rest_route=\/wp\/v2\/types\/page"}],"author":[{"embeddable":true,"href":"https:\/\/www.pgrosenfeld.de\/index.php?rest_route=\/wp\/v2\/users\/1"}],"replies":[{"embeddable":true,"href":"https:\/\/www.pgrosenfeld.de\/index.php?rest_route=%2Fwp%2Fv2%2Fcomments&post=11"}],"version-history":[{"count":10,"href":"https:\/\/www.pgrosenfeld.de\/index.php?rest_route=\/wp\/v2\/pages\/11\/revisions"}],"predecessor-version":[{"id":3869,"href":"https:\/\/www.pgrosenfeld.de\/index.php?rest_route=\/wp\/v2\/pages\/11\/revisions\/3869"}],"wp:attachment":[{"href":"https:\/\/www.pgrosenfeld.de\/index.php?rest_route=%2Fwp%2Fv2%2Fmedia&parent=11"}],"curies":[{"name":"wp","href":"https:\/\/api.w.org\/{rel}","templated":true}]}}